{"id":61,"date":"2018-05-30T03:24:50","date_gmt":"2018-05-30T03:24:50","guid":{"rendered":"http:\/\/druidveljeskunta.fi\/?page_id=61"},"modified":"2018-05-30T03:24:50","modified_gmt":"2018-05-30T03:24:50","slug":"veljeskunta","status":"publish","type":"page","link":"https:\/\/druidveljeskunta.fi\/","title":{"rendered":"Veljeskunta"},"content":{"rendered":"<p>Druid-veljeskunta on riippumaton veljesj\u00e4rjest\u00f6, jonka tavoitteena on edist\u00e4\u00e4 j\u00e4sentens\u00e4 henkist\u00e4 kasvua ja olla kohtauspaikka korkeita eettisi\u00e4 arvoja ja moraalia kunnoittaville j\u00e4senilleen.<\/p>\n","protected":false},"excerpt":{"rendered":"<p>Druid-veljeskunta on riippumaton veljesj\u00e4rjest\u00f6, jonka tavoitteena on edist\u00e4\u00e4 j\u00e4sentens\u00e4 henkist\u00e4 kasvua ja olla kohtauspaikka korkeita eettisi\u00e4 arvoja ja moraalia kunnoittaville j\u00e4senilleen.<\/p>\n","protected":false},"author":1,"featured_media":0,"parent":0,"menu_order":0,"comment_status":"closed","ping_status":"closed","template":"","meta":{"footnotes":""},"class_list":["post-61","page","type-page","status-publish","hentry"],"_links":{"self":[{"href":"https:\/\/druidveljeskunta.fi\/index.php\/wp-json\/wp\/v2\/pages\/61","targetHints":{"allow":["GET"]}}],"collection":[{"href":"https:\/\/druidveljeskunta.fi\/index.php\/wp-json\/wp\/v2\/pages"}],"about":[{"href":"https:\/\/druidveljeskunta.fi\/index.php\/wp-json\/wp\/v2\/types\/page"}],"author":[{"embeddable":true,"href":"https:\/\/druidveljeskunta.fi\/index.php\/wp-json\/wp\/v2\/users\/1"}],"replies":[{"embeddable":true,"href":"https:\/\/druidveljeskunta.fi\/index.php\/wp-json\/wp\/v2\/comments?post=61"}],"version-history":[{"count":1,"href":"https:\/\/druidveljeskunta.fi\/index.php\/wp-json\/wp\/v2\/pages\/61\/revisions"}],"predecessor-version":[{"id":63,"href":"https:\/\/druidveljeskunta.fi\/index.php\/wp-json\/wp\/v2\/pages\/61\/revisions\/63"}],"wp:attachment":[{"href":"https:\/\/druidveljeskunta.fi\/index.php\/wp-json\/wp\/v2\/media?parent=61"}],"curies":[{"name":"wp","href":"https:\/\/api.w.org\/{rel}","templated":true}]}}